{"id":69,"date":"2013-07-31T23:05:16","date_gmt":"2013-07-31T21:05:16","guid":{"rendered":"http:\/\/www.schloss-binau.com\/wordpress\/?page_id=69"},"modified":"2017-10-16T12:36:27","modified_gmt":"2017-10-16T10:36:27","slug":"heimkosten","status":"publish","type":"page","link":"https:\/\/schloss-binau.de\/?page_id=69","title":{"rendered":"Heimkosten"},"content":{"rendered":"<p>Auf den folgenden Seiten werden Ihnen unsere Pfleges\u00e4tze sowie die mit der f\u00fcr uns zust\u00e4ndigen Krankenkasse vereinbarten Zusatzleistungen erl\u00e4utert.<\/p>\n<p>[subpages]<\/p>\n","protected":false},"excerpt":{"rendered":"<p>Auf den folgenden Seiten werden Ihnen unsere Pfleges\u00e4tze sowie die mit der f\u00fcr uns zust\u00e4ndigen Krankenkasse vereinbarten Zusatzleistungen erl\u00e4utert. [subpages]<\/p>\n","protected":false},"author":1,"featured_media":0,"parent":0,"menu_order":4,"comment_status":"closed","ping_status":"closed","template":"page-templates\/full-width.php","meta":{"footnotes":""},"class_list":["post-69","page","type-page","status-publish","hentry"],"_links":{"self":[{"href":"https:\/\/schloss-binau.de\/index.php?rest_route=\/wp\/v2\/pages\/69","targetHints":{"allow":["GET"]}}],"collection":[{"href":"https:\/\/schloss-binau.de\/index.php?rest_route=\/wp\/v2\/pages"}],"about":[{"href":"https:\/\/schloss-binau.de\/index.php?rest_route=\/wp\/v2\/types\/page"}],"author":[{"embeddable":true,"href":"https:\/\/schloss-binau.de\/index.php?rest_route=\/wp\/v2\/users\/1"}],"replies":[{"embeddable":true,"href":"https:\/\/schloss-binau.de\/index.php?rest_route=%2Fwp%2Fv2%2Fcomments&post=69"}],"version-history":[{"count":0,"href":"https:\/\/schloss-binau.de\/index.php?rest_route=\/wp\/v2\/pages\/69\/revisions"}],"wp:attachment":[{"href":"https:\/\/schloss-binau.de\/index.php?rest_route=%2Fwp%2Fv2%2Fmedia&parent=69"}],"curies":[{"name":"wp","href":"https:\/\/api.w.org\/{rel}","templated":true}]}}