{"id":63,"date":"2013-07-31T23:03:12","date_gmt":"2013-07-31T21:03:12","guid":{"rendered":"http:\/\/www.schloss-binau.com\/wordpress\/?page_id=63"},"modified":"2013-09-24T11:34:13","modified_gmt":"2013-09-24T09:34:13","slug":"bauliche-besonderheiten","status":"publish","type":"page","link":"https:\/\/schloss-binau.de\/?page_id=63","title":{"rendered":"Bauliche Besonderheiten"},"content":{"rendered":"<div>\n<h1>Schlo\u00dfinnenhof<\/h1>\n<\/div>\n<p><a href=\"http:\/\/www.schloss-binau.com\/wordpress\/wp-content\/uploads\/2013\/09\/Innenhof.jpg\"><img loading=\"lazy\" decoding=\"async\" class=\"size-medium wp-image-154 alignleft\" alt=\"OLYMPUS DIGITAL CAMERA\" src=\"http:\/\/www.schloss-binau.com\/wordpress\/wp-content\/uploads\/2013\/09\/Innenhof-300x225.jpg\" width=\"300\" height=\"225\" srcset=\"https:\/\/schloss-binau.de\/wp-content\/uploads\/2013\/09\/Innenhof-300x225.jpg 300w, https:\/\/schloss-binau.de\/wp-content\/uploads\/2013\/09\/Innenhof-1024x768.jpg 1024w, https:\/\/schloss-binau.de\/wp-content\/uploads\/2013\/09\/Innenhof-624x468.jpg 624w, https:\/\/schloss-binau.de\/wp-content\/uploads\/2013\/09\/Innenhof.jpg 2048w\" sizes=\"auto, (max-width: 300px) 100vw, 300px\" \/><\/a>Der gro\u00dfz\u00fcgige Schlo\u00dfinnenhof wird durch das Schlo\u00df selbst, den Wirtschafts- und Verwaltungsgeb\u00e4uden und der Kirche, in sich geschlossen, umfasst. Der unauff\u00e4llig geschlossene Charakter gibt den Bewohnern Sicherheit und Halt und bietet dennoch ein H\u00f6chstma\u00df an Freiheit. Von dieser Besonderheit profitieren insbesondere demenziell und psychisch ver\u00e4nderte Menschen sowie Personen mit Orientierungsst\u00f6rungen und Weglauftendenz.<\/p>\n<div>\n<h1>Schlo\u00dfgarten<\/h1>\n<\/div>\n<p><img loading=\"lazy\" decoding=\"async\" class=\"size-medium wp-image-147 alignleft\" alt=\"Garten BT\" src=\"http:\/\/www.schloss-binau.com\/wordpress\/wp-content\/uploads\/2013\/09\/Garten-BT-300x225.jpg\" width=\"300\" height=\"225\" srcset=\"https:\/\/schloss-binau.de\/wp-content\/uploads\/2013\/09\/Garten-BT-300x225.jpg 300w, https:\/\/schloss-binau.de\/wp-content\/uploads\/2013\/09\/Garten-BT-624x468.jpg 624w, https:\/\/schloss-binau.de\/wp-content\/uploads\/2013\/09\/Garten-BT.jpg 1024w\" sizes=\"auto, (max-width: 300px) 100vw, 300px\" \/>Der neu angelegte Schlo\u00dfgarten befindet sich direkt vor dem Schlo\u00df und eignet sich vorallem f\u00fcr betreuungstherapeutische Ma\u00dfnahmen. Ob ein gemeinsames Kaffeetrinken in der Natur, das Spielen in der Gruppe, oder die Einbeziehung der Pflanzen und Kr\u00e4uter sowie des Sinnesweges in die Therapie, ein vielf\u00e4ltiges Angebot wird durch diese Besonderheit erm\u00f6glicht. Des weiteren bietet der Schlo\u00dfgarten haupts\u00e4chlich auch Ruhe und Erholung f\u00fcr unsere Bewohner.<\/p>\n<div>\n<h1>Pforte und Kiosk<\/h1>\n<\/div>\n<p><a href=\"http:\/\/www.schloss-binau.com\/wordpress\/wp-content\/uploads\/2013\/09\/Pforte-Kiosk.jpg\"><img loading=\"lazy\" decoding=\"async\" class=\"size-medium wp-image-160 alignleft\" alt=\"Pforte Kiosk\" src=\"http:\/\/www.schloss-binau.com\/wordpress\/wp-content\/uploads\/2013\/09\/Pforte-Kiosk-300x225.jpg\" width=\"300\" height=\"225\" srcset=\"https:\/\/schloss-binau.de\/wp-content\/uploads\/2013\/09\/Pforte-Kiosk-300x225.jpg 300w, https:\/\/schloss-binau.de\/wp-content\/uploads\/2013\/09\/Pforte-Kiosk-624x468.jpg 624w, https:\/\/schloss-binau.de\/wp-content\/uploads\/2013\/09\/Pforte-Kiosk.jpg 1024w\" sizes=\"auto, (max-width: 300px) 100vw, 300px\" \/><\/a>Am Eingang des Schlo\u00dfbereichs befindet sich die Pforte, die tags\u00fcber besetzt ist. F\u00fcr die Bewohner wurde dort eine kleine Einkaufsm\u00f6glichkeit f\u00fcr Dinge des t\u00e4glichen Lebens geschaffen. So wird vorallem die Selbst\u00e4ndigkeit jedes einzelnen Bewohners gef\u00f6rdert und er versp\u00fcrt das Gef\u00fchl der Unabh\u00e4ngigkeit. Diese Besonderheit ist im Besonderen f\u00fcr Bewohner mit Unterbringungsbeschluss von elementarer Bedeutung.<\/p>\n","protected":false},"excerpt":{"rendered":"<p>Schlo\u00dfinnenhof Der gro\u00dfz\u00fcgige Schlo\u00dfinnenhof wird durch das Schlo\u00df selbst, den Wirtschafts- und Verwaltungsgeb\u00e4uden und der Kirche, in sich geschlossen, umfasst. Der unauff\u00e4llig geschlossene Charakter gibt den Bewohnern Sicherheit und Halt und bietet dennoch ein H\u00f6chstma\u00df an Freiheit. Von dieser Besonderheit profitieren insbesondere demenziell und psychisch ver\u00e4nderte Menschen sowie Personen mit [&hellip;]<\/p>\n","protected":false},"author":1,"featured_media":0,"parent":57,"menu_order":3,"comment_status":"closed","ping_status":"closed","template":"page-templates\/full-width.php","meta":{"footnotes":""},"class_list":["post-63","page","type-page","status-publish","hentry"],"_links":{"self":[{"href":"https:\/\/schloss-binau.de\/index.php?rest_route=\/wp\/v2\/pages\/63","targetHints":{"allow":["GET"]}}],"collection":[{"href":"https:\/\/schloss-binau.de\/index.php?rest_route=\/wp\/v2\/pages"}],"about":[{"href":"https:\/\/schloss-binau.de\/index.php?rest_route=\/wp\/v2\/types\/page"}],"author":[{"embeddable":true,"href":"https:\/\/schloss-binau.de\/index.php?rest_route=\/wp\/v2\/users\/1"}],"replies":[{"embeddable":true,"href":"https:\/\/schloss-binau.de\/index.php?rest_route=%2Fwp%2Fv2%2Fcomments&post=63"}],"version-history":[{"count":1,"href":"https:\/\/schloss-binau.de\/index.php?rest_route=\/wp\/v2\/pages\/63\/revisions"}],"predecessor-version":[{"id":1025,"href":"https:\/\/schloss-binau.de\/index.php?rest_route=\/wp\/v2\/pages\/63\/revisions\/1025"}],"up":[{"embeddable":true,"href":"https:\/\/schloss-binau.de\/index.php?rest_route=\/wp\/v2\/pages\/57"}],"wp:attachment":[{"href":"https:\/\/schloss-binau.de\/index.php?rest_route=%2Fwp%2Fv2%2Fmedia&parent=63"}],"curies":[{"name":"wp","href":"https:\/\/api.w.org\/{rel}","templated":true}]}}