{"id":61,"date":"2013-07-31T23:02:05","date_gmt":"2013-07-31T21:02:05","guid":{"rendered":"http:\/\/www.schloss-binau.com\/wordpress\/?page_id=61"},"modified":"2015-02-19T14:43:12","modified_gmt":"2015-02-19T12:43:12","slug":"das-haus-und-seine-lage","status":"publish","type":"page","link":"https:\/\/schloss-binau.de\/?page_id=61","title":{"rendered":"Das Haus und seine Lage"},"content":{"rendered":"<div>\n<h1>Standort<\/h1>\n<\/div>\n<p><img loading=\"lazy\" decoding=\"async\" class=\"alignleft wp-image-378 size-medium\" src=\"https:\/\/schloss-binau.de\/wordpress\/wp-content\/uploads\/2013\/07\/p1050356-300x225.jpg\" alt=\"p1050356\" width=\"300\" height=\"225\" srcset=\"https:\/\/schloss-binau.de\/wp-content\/uploads\/2013\/07\/p1050356-300x225.jpg 300w, https:\/\/schloss-binau.de\/wp-content\/uploads\/2013\/07\/p1050356-1024x768.jpg 1024w, https:\/\/schloss-binau.de\/wp-content\/uploads\/2013\/07\/p1050356-624x468.jpg 624w\" sizes=\"auto, (max-width: 300px) 100vw, 300px\" \/>Das Schlo\u00df Binau liegt im Kern des gleichnamigen Ortes im Neckartal, umgeben von einer park\u00e4hnlichen Gartenanlage und mit guter Verkehrsanbindung.<\/p>\n<p>Es befindet sich in zentraler Lage zwischen, neckaraufw\u00e4rts Mosbach und Heilbronn und neckarabw\u00e4rts Eberbach und Heidelberg in landschaftlich reizvoller Umgebung. Die idyllische Lage direkt am Neckar, abseits des hektischen, st\u00e4dtischen Lebens bietet Raum f\u00fcr Ruhe und Erholung.<\/p>\n<p>Die geringe Entfernung zur Kreisstadt Mosbach erm\u00f6glicht es innerhalb kurzer Zeit einen Stadtbummel zu machen oder einzukaufen.<\/p>\n<p>Zur Deckung kleinerer Einkaufsw\u00fcnsche steht, zwei Gehminuten vom Schlo\u00df entfernt, ein Einkaufsmarkt zur Verf\u00fcgung. Des weiteren befindet sich im Ort ein kleines Freibad, das von den Bewohnern des Hauses genutzt werden kann. Die reizvolle Landschaft des Neckartals, bietet Gelegenheit zu ausgedehnten Spazierg\u00e4ngen rund um den Ort.<\/p>\n<div>\n<h1>R\u00e4umliches Konzept<\/h1>\n<p><img loading=\"lazy\" decoding=\"async\" class=\"alignleft wp-image-377 size-medium\" src=\"https:\/\/schloss-binau.de\/wordpress\/wp-content\/uploads\/2013\/07\/P1050466-300x225.jpg\" alt=\"P1050466\" width=\"300\" height=\"225\" srcset=\"https:\/\/schloss-binau.de\/wp-content\/uploads\/2013\/07\/P1050466-300x225.jpg 300w, https:\/\/schloss-binau.de\/wp-content\/uploads\/2013\/07\/P1050466-1024x768.jpg 1024w, https:\/\/schloss-binau.de\/wp-content\/uploads\/2013\/07\/P1050466-624x468.jpg 624w\" sizes=\"auto, (max-width: 300px) 100vw, 300px\" \/>Das Schlo\u00df wurde 1742 erbaut und 1963 zum Altenpflegeheim umgebaut. Seit dem 1. Juli 1996 wurde der Innenbereich des Schlo\u00dfes St\u00fcck f\u00fcr St\u00fcck renoviert und modernisiert, so dass sich das Schlo\u00df heute auf dem neusten technischen Stand befindet. Im Nebengeb\u00e4ude wurden 1998 sechs weitere Heimpl\u00e4tze geschaffen. In Schlo\u00df Binau stehen nun 66 Pflegepl\u00e4tze zur Verf\u00fcgung. Die Zimmer sind als Einzel- und Doppelzimmer konzipiert.<\/p>\n<\/div>\n<p>Grunds\u00e4tzlich wurde bei allen Ma\u00dfnahmen darauf geachtet, dass die R\u00e4umlichkeiten f\u00fcr Menschen mit Behinderungen und Rollstuhlfahrer geeignet sind. Im Vordergrund steht der Gedanke dem alten, behinderten, auf Hilfe angewiesenen Menschen ein H\u00f6chstma\u00df an Freiheit und Selbst\u00e4ndigkeit zu erm\u00f6glichen.<\/p>\n<div>\n<h1>Struktur der Geb\u00e4ude<\/h1>\n<\/div>\n<h2>Schlo\u00df<\/h2>\n<ul>\n<li>Erdgescho\u00df: Eingangshalle, Speisesaal, Rittersaal, K\u00fcche und Bewohnerzimmer<\/li>\n<li>Erstes Obergescho\u00df: Bewohnerzimmer, Dienstzimmer Pflege<\/li>\n<li>Zweites Obergeschoss: Bewohnerzimmer<\/li>\n<\/ul>\n<h2>Nebengeb\u00e4ude<\/h2>\n<ul>\n<li>Erdgescho\u00df: Besch\u00e4ftigungstherapie, Arbeitstherapie f\u00fcr F\u00f6rdergruppe, Sozialr\u00e4ume<\/li>\n<li>Obergescho\u00df: Bewohnerzimmer<\/li>\n<\/ul>\n<h2>B\u00fcrogeb\u00e4ude<\/h2>\n<ul>\n<li>Erdgescho\u00df: Pforte \/ Kiosk, Besprechungsraum<\/li>\n<li>Obergescho\u00df: Gesch\u00e4ftsf\u00fchrung \/ Heimleitung, Pflegedienstleitung, Sozialdienst, Hauswirtschaftsleitung<\/li>\n<\/ul>\n<h2>Wirtschaftsgeb\u00e4ude<\/h2>\n<ul>\n<li>Wasch- und B\u00fcgelraum, Schmutzw\u00e4scheraum, Werkstatt<\/li>\n<\/ul>\n","protected":false},"excerpt":{"rendered":"<p>Standort Das Schlo\u00df Binau liegt im Kern des gleichnamigen Ortes im Neckartal, umgeben von einer park\u00e4hnlichen Gartenanlage und mit guter Verkehrsanbindung. Es befindet sich in zentraler Lage zwischen, neckaraufw\u00e4rts Mosbach und Heilbronn und neckarabw\u00e4rts Eberbach und Heidelberg in landschaftlich reizvoller Umgebung. Die idyllische Lage direkt am Neckar, abseits des hektischen, [&hellip;]<\/p>\n","protected":false},"author":1,"featured_media":0,"parent":57,"menu_order":2,"comment_status":"closed","ping_status":"closed","template":"page-templates\/full-width.php","meta":{"footnotes":""},"class_list":["post-61","page","type-page","status-publish","hentry"],"_links":{"self":[{"href":"https:\/\/schloss-binau.de\/index.php?rest_route=\/wp\/v2\/pages\/61","targetHints":{"allow":["GET"]}}],"collection":[{"href":"https:\/\/schloss-binau.de\/index.php?rest_route=\/wp\/v2\/pages"}],"about":[{"href":"https:\/\/schloss-binau.de\/index.php?rest_route=\/wp\/v2\/types\/page"}],"author":[{"embeddable":true,"href":"https:\/\/schloss-binau.de\/index.php?rest_route=\/wp\/v2\/users\/1"}],"replies":[{"embeddable":true,"href":"https:\/\/schloss-binau.de\/index.php?rest_route=%2Fwp%2Fv2%2Fcomments&post=61"}],"version-history":[{"count":0,"href":"https:\/\/schloss-binau.de\/index.php?rest_route=\/wp\/v2\/pages\/61\/revisions"}],"up":[{"embeddable":true,"href":"https:\/\/schloss-binau.de\/index.php?rest_route=\/wp\/v2\/pages\/57"}],"wp:attachment":[{"href":"https:\/\/schloss-binau.de\/index.php?rest_route=%2Fwp%2Fv2%2Fmedia&parent=61"}],"curies":[{"name":"wp","href":"https:\/\/api.w.org\/{rel}","templated":true}]}}