{"id":57,"date":"2013-07-31T23:00:23","date_gmt":"2013-07-31T21:00:23","guid":{"rendered":"http:\/\/www.schloss-binau.com\/wordpress\/?page_id=57"},"modified":"2017-10-16T12:35:33","modified_gmt":"2017-10-16T10:35:33","slug":"haus-und-standort","status":"publish","type":"page","link":"https:\/\/schloss-binau.de\/?page_id=57","title":{"rendered":"Haus und Standort"},"content":{"rendered":"<p>Auf den folgenden Seiten m\u00f6chten wir Ihnen unser einmaliges Haus und die wundersch\u00f6ne Lage n\u00e4her bringen, die baulichen Besonderheiten darstellen und die Anfahrt nach Binau erl\u00e4utern.<\/p>\n<p>[subpages]<\/p>\n","protected":false},"excerpt":{"rendered":"<p>Auf den folgenden Seiten m\u00f6chten wir Ihnen unser einmaliges Haus und die wundersch\u00f6ne Lage n\u00e4her bringen, die baulichen Besonderheiten darstellen und die Anfahrt nach Binau erl\u00e4utern. [subpages]<\/p>\n","protected":false},"author":1,"featured_media":0,"parent":0,"menu_order":3,"comment_status":"closed","ping_status":"closed","template":"page-templates\/full-width.php","meta":{"footnotes":""},"class_list":["post-57","page","type-page","status-publish","hentry"],"_links":{"self":[{"href":"https:\/\/schloss-binau.de\/index.php?rest_route=\/wp\/v2\/pages\/57","targetHints":{"allow":["GET"]}}],"collection":[{"href":"https:\/\/schloss-binau.de\/index.php?rest_route=\/wp\/v2\/pages"}],"about":[{"href":"https:\/\/schloss-binau.de\/index.php?rest_route=\/wp\/v2\/types\/page"}],"author":[{"embeddable":true,"href":"https:\/\/schloss-binau.de\/index.php?rest_route=\/wp\/v2\/users\/1"}],"replies":[{"embeddable":true,"href":"https:\/\/schloss-binau.de\/index.php?rest_route=%2Fwp%2Fv2%2Fcomments&post=57"}],"version-history":[{"count":0,"href":"https:\/\/schloss-binau.de\/index.php?rest_route=\/wp\/v2\/pages\/57\/revisions"}],"wp:attachment":[{"href":"https:\/\/schloss-binau.de\/index.php?rest_route=%2Fwp%2Fv2%2Fmedia&parent=57"}],"curies":[{"name":"wp","href":"https:\/\/api.w.org\/{rel}","templated":true}]}}