{"id":46,"date":"2013-07-31T22:56:03","date_gmt":"2013-07-31T20:56:03","guid":{"rendered":"http:\/\/www.schloss-binau.com\/wordpress\/?page_id=46"},"modified":"2015-02-19T14:36:57","modified_gmt":"2015-02-19T12:36:57","slug":"ganzheitliches-management","status":"publish","type":"page","link":"https:\/\/schloss-binau.de\/?page_id=46","title":{"rendered":"Ganzheitliches Management"},"content":{"rendered":"<div>\n<h1>Dienstleistungsverst\u00e4ndnis<\/h1>\n<\/div>\n<p>Um eine ganzheitliche Versorgung der Bewohner zu erreichen, muss eine Vielzahl von Dienstleistungen in koordinierter Weise erbracht werden. Diese richten sich nach den W\u00fcnschen der Bewohner, deren Angeh\u00f6rigen oder Betreuer und sind mit den gesetzlichen Rahmenbedingungen und den individuellen Voraussetzungen abzustimmen.<\/p>\n<p>In das Management dieser Dienstleistungen sind sowohl Mitarbeiter, Bewohner, Angeh\u00f6rige und Betreuer wie auch externe Dienstleister interaktiv eingebunden.<\/p>\n<div>\n<h1>Mitarbeiter<\/h1>\n<\/div>\n<p>Um eine hohe Qualit\u00e4t und Kontinuit\u00e4t unserer Arbeit gew\u00e4hrleisten zu k\u00f6nnen, legen wir auf die Qualifikation unserer Mitarbeiter und eine langj\u00e4hrige Betriebszugeh\u00f6rigkeit gro\u00dfen Wert. Daher werden berufliches Wissen und Kompetenz, Motivation und Verantwortungsbewusstsein sowie die Identifikation mit dem Unternehmen durch Schulungen, Seminare, interne sowie externe Fort- und Weiterbildungen st\u00e4ndig aktualisiert, erweitert bzw. gest\u00e4rkt.<\/p>\n<p>Der bestehende Qualit\u00e4tszirkel hebt die im Alltag auftretenden Schwierigkeiten und Probleme auf die Managementebene und sorgt so f\u00fcr eine st\u00e4ndige konzeptionelle Weiterentwicklung und Verbesserung der von uns angebotenen Leistungen.<\/p>\n<p>Unser Pflegeteam setzt sich \u00fcberwiegend aus examinierten Pflegefachkr\u00e4ften zusammen, von denen einige auf eine 10- bis 20-j\u00e4hrige Berufserfahrung zur\u00fcckblicken k\u00f6nnen.<\/p>\n<p>Die folgende kurze \u00dcbersicht soll den Aufbau unserer Personalstruktur verdeutlichen, der durch kurze Entscheidungswege und geringe hierarchische Barrieren gekennzeichnet ist.<\/p>\n<table cellpadding=\"2\">\n<tbody>\n<tr>\n<th style=\"text-align: center;\" colspan=\"3\">Heimleitung &#8211; Verwaltung<\/th>\n<\/tr>\n<tr>\n<th style=\"text-align: center;\">Pflege<\/th>\n<th style=\"text-align: center;\">Soziale Betreuung\/Therapie<\/th>\n<th style=\"text-align: center;\">Hauswirtschaft<\/th>\n<\/tr>\n<tr>\n<td>\n<div align=\"center\">Pflegefachkr\u00e4fte<\/div>\n<\/td>\n<td>\n<div align=\"center\">Diplomsozialp\u00e4dagoge<\/div>\n<\/td>\n<td>\n<div align=\"center\">Hauswirtschaftliche Fachkr\u00e4fte<\/div>\n<\/td>\n<\/tr>\n<tr>\n<td>\n<div align=\"center\">Pflegehilfskr\u00e4fte<\/div>\n<\/td>\n<td>\n<div align=\"center\">Heilerziehungspfleger<\/div>\n<\/td>\n<td>\n<div align=\"center\">Hauswirtschaftliche Hilfskr\u00e4fte<\/div>\n<\/td>\n<\/tr>\n<tr>\n<td>\n<div align=\"center\">Auszubildende<\/div>\n<\/td>\n<td>\n<div align=\"center\">Sozial- &amp; Lerntherapauten<\/div>\n<\/td>\n<td>\n<div align=\"center\">PraktikantInnen<\/div>\n<\/td>\n<\/tr>\n<tr>\n<td>\n<div align=\"center\">FSJ \/ Bundesfreiwilligendienst<\/div>\n<\/td>\n<td>\n<div align=\"center\">FSJ \/ Bundesfreiwilligendienst<\/div>\n<\/td>\n<td>\n<div align=\"center\">FSJ \/ Bundesfreiwilligendienst<\/div>\n<\/td>\n<\/tr>\n<\/tbody>\n<\/table>\n<p>Zus\u00e4tzlich steht dem Haus ein Psychiater mit regelm\u00e4\u00dfigen Gespr\u00e4chen zur Seite.<\/p>\n","protected":false},"excerpt":{"rendered":"<p>Dienstleistungsverst\u00e4ndnis Um eine ganzheitliche Versorgung der Bewohner zu erreichen, muss eine Vielzahl von Dienstleistungen in koordinierter Weise erbracht werden. Diese richten sich nach den W\u00fcnschen der Bewohner, deren Angeh\u00f6rigen oder Betreuer und sind mit den gesetzlichen Rahmenbedingungen und den individuellen Voraussetzungen abzustimmen. In das Management dieser Dienstleistungen sind sowohl Mitarbeiter, [&hellip;]<\/p>\n","protected":false},"author":1,"featured_media":0,"parent":20,"menu_order":7,"comment_status":"closed","ping_status":"closed","template":"page-templates\/full-width.php","meta":{"footnotes":""},"class_list":["post-46","page","type-page","status-publish","hentry"],"_links":{"self":[{"href":"https:\/\/schloss-binau.de\/index.php?rest_route=\/wp\/v2\/pages\/46","targetHints":{"allow":["GET"]}}],"collection":[{"href":"https:\/\/schloss-binau.de\/index.php?rest_route=\/wp\/v2\/pages"}],"about":[{"href":"https:\/\/schloss-binau.de\/index.php?rest_route=\/wp\/v2\/types\/page"}],"author":[{"embeddable":true,"href":"https:\/\/schloss-binau.de\/index.php?rest_route=\/wp\/v2\/users\/1"}],"replies":[{"embeddable":true,"href":"https:\/\/schloss-binau.de\/index.php?rest_route=%2Fwp%2Fv2%2Fcomments&post=46"}],"version-history":[{"count":0,"href":"https:\/\/schloss-binau.de\/index.php?rest_route=\/wp\/v2\/pages\/46\/revisions"}],"up":[{"embeddable":true,"href":"https:\/\/schloss-binau.de\/index.php?rest_route=\/wp\/v2\/pages\/20"}],"wp:attachment":[{"href":"https:\/\/schloss-binau.de\/index.php?rest_route=%2Fwp%2Fv2%2Fmedia&parent=46"}],"curies":[{"name":"wp","href":"https:\/\/api.w.org\/{rel}","templated":true}]}}