{"id":37,"date":"2013-07-31T22:53:17","date_gmt":"2013-07-31T20:53:17","guid":{"rendered":"http:\/\/www.schloss-binau.com\/wordpress\/?page_id=37"},"modified":"2015-02-19T14:52:59","modified_gmt":"2015-02-19T12:52:59","slug":"fordergruppen-arbeit-und-technik","status":"publish","type":"page","link":"https:\/\/schloss-binau.de\/?page_id=37","title":{"rendered":"F\u00f6rdergruppen Arbeit und Technik"},"content":{"rendered":"<p>Ein Schwerpunkt unseres Konzeptes stellen die F\u00f6rdergruppen dar, in denen unter realit\u00e4tsnahen Bedingungen \u2013 aber ohne Leistungsdruck \u2013 leichte Auftragsarbeiten ausgef\u00fchrt werden. Die Bewohner k\u00f6nnen nach ihren individuellen M\u00f6glichkeiten ganztags oder auch stundenweise teilnehmen. Sie erleben den Wechsel von Arbeit und Freizeit und sp\u00fcren Alltag im Sinn von Regeln, Ordnung und Erfolg. So entsteht ein kontinuierlicher Lebensrhythmus, der F\u00e4higkeiten und Selbstwertgef\u00fchl st\u00e4rkt.<\/p>\n<p><img loading=\"lazy\" decoding=\"async\" class=\"alignleft wp-image-382 size-medium\" src=\"https:\/\/schloss-binau.de\/wordpress\/wp-content\/uploads\/2013\/07\/P1050426-300x225.jpg\" alt=\"P1050426\" width=\"300\" height=\"225\" srcset=\"https:\/\/schloss-binau.de\/wp-content\/uploads\/2013\/07\/P1050426-300x225.jpg 300w, https:\/\/schloss-binau.de\/wp-content\/uploads\/2013\/07\/P1050426-1024x768.jpg 1024w, https:\/\/schloss-binau.de\/wp-content\/uploads\/2013\/07\/P1050426-624x468.jpg 624w\" sizes=\"auto, (max-width: 300px) 100vw, 300px\" \/><\/p>\n<p><img loading=\"lazy\" decoding=\"async\" class=\" wp-image-384 size-medium alignleft\" src=\"https:\/\/schloss-binau.de\/wordpress\/wp-content\/uploads\/2013\/07\/P1050440-300x225.jpg\" alt=\"P1050440\" width=\"300\" height=\"225\" srcset=\"https:\/\/schloss-binau.de\/wp-content\/uploads\/2013\/07\/P1050440-300x225.jpg 300w, https:\/\/schloss-binau.de\/wp-content\/uploads\/2013\/07\/P1050440-1024x768.jpg 1024w, https:\/\/schloss-binau.de\/wp-content\/uploads\/2013\/07\/P1050440-624x468.jpg 624w\" sizes=\"auto, (max-width: 300px) 100vw, 300px\" \/><\/p>\n<p><img loading=\"lazy\" decoding=\"async\" class=\" wp-image-386 size-medium alignleft\" src=\"https:\/\/schloss-binau.de\/wordpress\/wp-content\/uploads\/2013\/07\/P10504331-300x225.jpg\" alt=\"\" width=\"300\" height=\"225\" srcset=\"https:\/\/schloss-binau.de\/wp-content\/uploads\/2013\/07\/P10504331-300x225.jpg 300w, https:\/\/schloss-binau.de\/wp-content\/uploads\/2013\/07\/P10504331-1024x768.jpg 1024w, https:\/\/schloss-binau.de\/wp-content\/uploads\/2013\/07\/P10504331-624x468.jpg 624w\" sizes=\"auto, (max-width: 300px) 100vw, 300px\" \/><\/p>\n<p><img loading=\"lazy\" decoding=\"async\" class=\"size-medium wp-image-119 alignleft\" src=\"http:\/\/www.schloss-binau.com\/wordpress\/wp-content\/uploads\/2013\/09\/AT1-300x225.jpg\" alt=\"OLYMPUS DIGITAL CAMERA\" width=\"300\" height=\"225\" srcset=\"https:\/\/schloss-binau.de\/wp-content\/uploads\/2013\/09\/AT1-300x225.jpg 300w, https:\/\/schloss-binau.de\/wp-content\/uploads\/2013\/09\/AT1-1024x768.jpg 1024w, https:\/\/schloss-binau.de\/wp-content\/uploads\/2013\/09\/AT1-624x468.jpg 624w, https:\/\/schloss-binau.de\/wp-content\/uploads\/2013\/09\/AT1.jpg 2048w\" sizes=\"auto, (max-width: 300px) 100vw, 300px\" \/><\/p>\n","protected":false},"excerpt":{"rendered":"<p>Ein Schwerpunkt unseres Konzeptes stellen die F\u00f6rdergruppen dar, in denen unter realit\u00e4tsnahen Bedingungen \u2013 aber ohne Leistungsdruck \u2013 leichte Auftragsarbeiten ausgef\u00fchrt werden. Die Bewohner k\u00f6nnen nach ihren individuellen M\u00f6glichkeiten ganztags oder auch stundenweise teilnehmen. Sie erleben den Wechsel von Arbeit und Freizeit und sp\u00fcren Alltag im Sinn von Regeln, Ordnung [&hellip;]<\/p>\n","protected":false},"author":1,"featured_media":0,"parent":20,"menu_order":4,"comment_status":"closed","ping_status":"closed","template":"page-templates\/full-width.php","meta":{"footnotes":""},"class_list":["post-37","page","type-page","status-publish","hentry"],"_links":{"self":[{"href":"https:\/\/schloss-binau.de\/index.php?rest_route=\/wp\/v2\/pages\/37","targetHints":{"allow":["GET"]}}],"collection":[{"href":"https:\/\/schloss-binau.de\/index.php?rest_route=\/wp\/v2\/pages"}],"about":[{"href":"https:\/\/schloss-binau.de\/index.php?rest_route=\/wp\/v2\/types\/page"}],"author":[{"embeddable":true,"href":"https:\/\/schloss-binau.de\/index.php?rest_route=\/wp\/v2\/users\/1"}],"replies":[{"embeddable":true,"href":"https:\/\/schloss-binau.de\/index.php?rest_route=%2Fwp%2Fv2%2Fcomments&post=37"}],"version-history":[{"count":0,"href":"https:\/\/schloss-binau.de\/index.php?rest_route=\/wp\/v2\/pages\/37\/revisions"}],"up":[{"embeddable":true,"href":"https:\/\/schloss-binau.de\/index.php?rest_route=\/wp\/v2\/pages\/20"}],"wp:attachment":[{"href":"https:\/\/schloss-binau.de\/index.php?rest_route=%2Fwp%2Fv2%2Fmedia&parent=37"}],"curies":[{"name":"wp","href":"https:\/\/api.w.org\/{rel}","templated":true}]}}